{"id":847,"date":"2025-07-21T08:22:52","date_gmt":"2025-07-21T08:22:52","guid":{"rendered":"https:\/\/altanet.wattmedia.ro\/?page_id=847"},"modified":"2025-07-21T10:29:56","modified_gmt":"2025-07-21T10:29:56","slug":"angajari-altanet","status":"publish","type":"page","link":"https:\/\/altanet.wattmedia.ro\/en\/angajari-altanet\/","title":{"rendered":"Angajari Altanet"},"content":{"rendered":"<div data-elementor-type=\"wp-page\" data-elementor-id=\"847\" class=\"elementor elementor-847\">\n\t\t\t\t\t\t<section class=\"elementor-section elementor-top-section elementor-element elementor-element-0b1de94 elementor-section-content-middle elementor-section-boxed elementor-section-height-default elementor-section-height-default\" data-id=\"0b1de94\" data-element_type=\"section\">\r\n\t\t\r\n\t\t\t\t\t\t\t<div class=\"elementor-container elementor-column-gap-default\">\r\n\t\t\t\t\t\t\t\t\t\t\t<div class=\"elementor-column elementor-col-50 elementor-top-column elementor-element elementor-element-67b024e\" data-id=\"67b024e\" data-element_type=\"column\">\r\n\t\t\t\t\t<div class=\"elementor-widget-wrap elementor-element-populated\">\r\n\t\t\t\t\t\t\t\t<div class=\"elementor-element elementor-element-a868554 elementor-widget elementor-widget-text-editor\" data-id=\"a868554\" data-element_type=\"widget\" data-widget_type=\"text-editor.default\">\n\t\t\t\t\t\t\t\t\t<p>Vino sa-ti dezvolti pasiunea pentru tehnologie intr-un mediu inovator si captivant!<\/p><p>La\u00a0<strong>ALTANET<\/strong>, cautam mereu mintea creativ\u0103 si pasionata de IT care sa se alature echipei noastre. Daca esti un pasionat de tehnologie si esti mereu in cautarea unor provocari ce tin de dezvoltarea software, infrastructura IT sau Sisteme de securitate, atunci ai ajuns in locul potrivit.<\/p><p>Avem o cultura organizata in jurul colaborarii si punem accent pe dezvoltarea continua a abilitatilor tehnice si personale ale fiecarui membru al echipei noastre. Oferim un mediu de lucru prietenos si sustinator, unde ideile sunt incurajate si inovatia este binevenita.<\/p><p>Echipa noastra este alcatuita din profesionisti talentati si dedicati, care lucreaza impreuna pentru a crea solutii tehnologice inovatoare si de inalta calitate. Fie ca este vorba de dezvoltarea proiectelor IT, instalarea si configurarea Sistemelor de securitate sau dezvoltarea de site-uri si aplicatii web, fiecare proiect reprezinta o oportunitate de a creste profesional si de a aduce valoare reala clientilor nostri.<\/p><p>In plus, incurajam un echilibru sanatos intre viata profesionala si cea personala. Ne pasa de bunastarea fiecarui angajat si cream un mediu de lucru in care diversitatea este apreciata si inclusivitatea este promovata.<\/p><p>Daca vrei sa faci parte dintr-o echipa entuziasta si sa lucrezi in proiecte care sa conteze, te invitam sa aplici la una dintre pozitiile noastre deschise. Asteptam cu nerabdare sa cunoastem oameni noi, talentati, care sa aduca prospetime si pasiune in cadrul echipei noastre.<\/p><p>Trimite-ne CV-ul t\u0103u \u0219i o scrisoare de inten\u021bie la adresa in zona \u201eAPLICA CV\u201d, si vom fi bucurosi sa discutam despre cum poti contribui la succesul nostru comun.<\/p><p>Alatura-te ALTANET si fa parte dintr-o echipa ce construieste viitorul tehnologiei!<\/p>\t\t\t\t\t\t\t\t<\/div>\n\t\t\t\t\t<\/div>\r\n\t\t\t\t<\/div>\r\n\t\t\t\t<div class=\"elementor-column elementor-col-50 elementor-top-column elementor-element elementor-element-96449ca\" data-id=\"96449ca\" data-element_type=\"column\">\r\n\t\t\t\t\t<div class=\"elementor-widget-wrap elementor-element-populated\">\r\n\t\t\t\t\t\t\t\t<div class=\"elementor-element elementor-element-013401b elementor-widget elementor-widget-image\" data-id=\"013401b\" data-element_type=\"widget\" data-widget_type=\"image.default\">\n\t\t\t\t\t\t\t\t\t\t\t\t\t\t\t<img fetchpriority=\"high\" decoding=\"async\" width=\"1024\" height=\"683\" src=\"https:\/\/altanet.wattmedia.ro\/wp-content\/uploads\/2025\/07\/956764-humor-keyboards-computer-workers-1024x683.jpg.webp\" class=\"attachment-large size-large wp-image-849\" alt=\"\" srcset=\"https:\/\/altanet.wattmedia.ro\/wp-content\/uploads\/2025\/07\/956764-humor-keyboards-computer-workers-1024x683.jpg.webp 1024w, https:\/\/altanet.wattmedia.ro\/wp-content\/uploads\/2025\/07\/956764-humor-keyboards-computer-workers-1024x683.jpg-768x512.webp 768w, https:\/\/altanet.wattmedia.ro\/wp-content\/uploads\/2025\/07\/956764-humor-keyboards-computer-workers-1024x683.jpg-640x427.webp 640w, https:\/\/altanet.wattmedia.ro\/wp-content\/uploads\/2025\/07\/956764-humor-keyboards-computer-workers-1024x683.jpg-400x267.webp 400w\" sizes=\"(max-width: 1024px) 100vw, 1024px\" \/>\t\t\t\t\t\t\t\t\t\t\t\t\t\t\t<\/div>\n\t\t\t\t<div class=\"elementor-element elementor-element-f18d2a6 elementor-widget elementor-widget-porto_button\" data-id=\"f18d2a6\" data-element_type=\"widget\" data-settings=\"{&quot;align&quot;:&quot;center&quot;}\" data-widget_type=\"porto_button.default\">\n\t\t\t\t\t<a aria-label=\"button\" class=\"btn btn-xl btn-primary\" href=\"https:\/\/altanet.wattmedia.ro\/en\/aplica-cv\/\"><span >APLICA ACUM!<\/span><\/a>\t\t\t\t<\/div>\n\t\t\t\t\t<\/div>\r\n\t\t\t\t<\/div>\r\n\t\t\t\t\t<\/div>\r\n\t\t\t\t<\/section>\r\n\t\t<div class=\"elementor-element elementor-element-eb31f43 e-flex e-con-boxed e-con e-parent\" data-id=\"eb31f43\" data-element_type=\"container\">\r\n\t\t\t\t\t<div class=\"e-con-inner\">\r\n\t\t\t\t<div class=\"elementor-element elementor-element-86a4613 elementor-widget elementor-widget-n-accordion\" data-id=\"86a4613\" data-element_type=\"widget\" data-settings=\"{&quot;default_state&quot;:&quot;expanded&quot;,&quot;max_items_expended&quot;:&quot;one&quot;,&quot;n_accordion_animation_duration&quot;:{&quot;unit&quot;:&quot;ms&quot;,&quot;size&quot;:400,&quot;sizes&quot;:[]}}\" data-widget_type=\"nested-accordion.default\">\n\t\t\t\t\t\t\t<div class=\"e-n-accordion\" aria-label=\"Accordion. Open links with Enter or Space, close with Escape, and navigate with Arrow Keys\">\n\t\t\t\t\t\t<details id=\"e-n-accordion-item-1410\" class=\"e-n-accordion-item\" open>\n\t\t\t\t<summary class=\"e-n-accordion-item-title\" data-accordion-index=\"1\" tabindex=\"0\" aria-expanded=\"true\" aria-controls=\"e-n-accordion-item-1410\" >\n\t\t\t\t\t<span class='e-n-accordion-item-title-header'><div class=\"e-n-accordion-item-title-text\"> Tehnician \/ inginer sisteme securitate <\/div><\/span>\n\t\t\t\t\t\t\t<span class='e-n-accordion-item-title-icon'>\n\t\t\t<span class='e-opened' ><svg aria-hidden=\"true\" class=\"e-font-icon-svg e-fas-minus\" viewbox=\"0 0 448 512\" xmlns=\"http:\/\/www.w3.org\/2000\/svg\"><path d=\"M416 208H32c-17.67 0-32 14.33-32 32v32c0 17.67 14.33 32 32 32h384c17.67 0 32-14.33 32-32v-32c0-17.67-14.33-32-32-32z\"><\/path><\/svg><\/span>\n\t\t\t<span class='e-closed'><svg aria-hidden=\"true\" class=\"e-font-icon-svg e-fas-plus\" viewbox=\"0 0 448 512\" xmlns=\"http:\/\/www.w3.org\/2000\/svg\"><path d=\"M416 208H272V64c0-17.67-14.33-32-32-32h-32c-17.67 0-32 14.33-32 32v144H32c-17.67 0-32 14.33-32 32v32c0 17.67 14.33 32 32 32h144v144c0 17.67 14.33 32 32 32h32c17.67 0 32-14.33 32-32V304h144c17.67 0 32-14.33 32-32v-32c0-17.67-14.33-32-32-32z\"><\/path><\/svg><\/span>\n\t\t<\/span>\n\n\t\t\t\t\t\t<\/summary>\n\t\t\t\t<div role=\"region\" aria-labelledby=\"e-n-accordion-item-1410\" class=\"elementor-element elementor-element-02338c8 e-con-full e-flex e-con e-child\" data-id=\"02338c8\" data-element_type=\"container\">\r\n\t\t<div role=\"region\" aria-labelledby=\"e-n-accordion-item-1410\" class=\"elementor-element elementor-element-3bf0ef4 e-flex e-con-boxed e-con e-child\" data-id=\"3bf0ef4\" data-element_type=\"container\">\r\n\t\t\t\t\t<div class=\"e-con-inner\">\r\n\t\t\t\t<div class=\"elementor-element elementor-element-8c30133 elementor-widget elementor-widget-text-editor\" data-id=\"8c30133\" data-element_type=\"widget\" data-widget_type=\"text-editor.default\">\n\t\t\t\t\t\t\t\t\t<h3>Tehnician \/ inginer sisteme securitate<\/h3><p>Responsabilitati si activitati:\u00a0<br \/>\u00b7\u00a0\u00a0\u00a0\u00a0\u00a0\u00a0\u00a0\u00a0 Execut\u0103 zilnic, dup\u0103 un program stabilit, instalarea sistemelor de securitate: efrac\u021bie,control acces, sisteme de detec\u021bie incendiu, retele date-voce;<br \/>\u00b7\u00a0\u00a0\u00a0\u00a0\u00a0\u00a0\u00a0\u00a0 Execut\u0103 lucr\u0103ri de \u00eentre\u0163inere curent\u0103 conform planului de mentenanta specific fiec\u0103rui sistem instalat;<br \/>\u00b7\u00a0\u00a0\u00a0\u00a0\u00a0\u00a0\u00a0\u00a0 Intervine \u015fi remediaz\u0103 \u00een cel mai scurt timp defec\u0163iunile accidentale;<br \/>\u00b7\u00a0\u00a0\u00a0\u00a0\u00a0\u00a0\u00a0\u00a0 Asigur\u0103 service-ul \u0219i mentenan\u021ba sistemelor ;<br \/>\u00b7\u00a0\u00a0\u00a0\u00a0\u00a0\u00a0\u00a0\u00a0 R\u0103spunde de calitatea, execu\u0163ia \u015fi predarea la termen a lucr\u0103rilor contractate;<br \/>\u00b7\u00a0\u00a0\u00a0\u00a0\u00a0\u00a0\u00a0\u00a0 Intocme\u015fte documentele specifice pentru eviden\u0163ierea interven\u0163iilor efectuate;<br \/>\u00b7\u00a0\u00a0\u00a0\u00a0\u00a0\u00a0\u00a0\u00a0 Monteaza \u0219i utilizeaza aparatele electrice de joas\u0103 tensiune si a masinilor de lucru;<br \/>\u00b7\u00a0\u00a0\u00a0\u00a0\u00a0\u00a0\u00a0\u00a0 Realizarea cabl\u0103rii \u0219i a conexiunilor necesare pentru implementarea sistemelor de securitate tehnic\u0103, conform proiectelor;<br \/>\u00b7\u00a0\u00a0\u00a0\u00a0\u00a0\u00a0\u00a0\u00a0 Monteaza pat cablu\/ copex\/ tubulatura \u0219i realizeaza cablajul necesar pentru sistemele tehnice de Securitate;<br \/>\u00b7\u00a0\u00a0\u00a0\u00a0\u00a0\u00a0\u00a0\u00a0 Instaleaza sistemele de curenti slabi: detectare, semnalizare \u0219i alarmare la incendiu; sisteme tehnice de detec\u021bie, efrac\u021bie \u0219i control al accesului; sisteme tehnice de supraveghere video;<br \/>\u00b7\u00a0\u00a0\u00a0\u00a0\u00a0\u00a0\u00a0\u00a0 Pune \u00een func\u021biune sistemele tehnice de Securitate;<br \/>\u00b7\u00a0\u00a0\u00a0\u00a0\u00a0\u00a0\u00a0\u00a0 Asigura suportul tehnic, analizeaza cauzele defectiunilor si propune lista de piese de schimb, a echipamentelor si a consumabilelor;<br \/>\u00b7\u00a0\u00a0\u00a0\u00a0\u00a0\u00a0\u00a0\u00a0 Colaboreaza cu echipa Central Service pentru solutionarea si inchiderea solicitarilor;<br \/>\u00b7\u00a0\u00a0\u00a0\u00a0\u00a0\u00a0\u00a0\u00a0 Programarea sistemelor de securitate instalate;<br \/>\u00b7\u00a0\u00a0\u00a0\u00a0\u00a0\u00a0\u00a0\u00a0 Men\u0163ine o conduit\u0103 profesionist\u0103 pe toata durata timpului zilnic de munc\u0103;<\/p><p>Cerinte<br \/>\u00b7\u00a0\u00a0\u00a0\u00a0\u00a0\u00a0\u00a0\u00a0 Experien\u0163\u0103 \u00een domeniul instal\u0103rii \u015fi program\u0103rii centralelor antiefractie si detectie<br \/>incendiu, punere in functie sistem de supraveghere si inregistrare video;<br \/>\u00b7\u00a0\u00a0\u00a0\u00a0\u00a0\u00a0\u00a0\u00a0 Cunostinte de operare PC;<br \/>\u00b7\u00a0\u00a0\u00a0\u00a0\u00a0\u00a0\u00a0\u00a0 Experienta in implementarea si punerea in functiune a sistemelor;<br \/>\u00b7\u00a0\u00a0\u00a0\u00a0\u00a0\u00a0\u00a0\u00a0 Experienta in domeniu tehnic (cablaj structural, electric etc.);<br \/>\u00b7\u00a0\u00a0\u00a0\u00a0\u00a0\u00a0\u00a0\u00a0 Certificare Tehnician pentru sisteme de detectie, supraveghere video, control acces<br \/>\u00b7\u00a0\u00a0\u00a0\u00a0\u00a0\u00a0\u00a0\u00a0 Permis de conducere Cat. B;<br \/>\u00b7\u00a0\u00a0\u00a0\u00a0\u00a0\u00a0\u00a0\u00a0 Spirit organizatoric \u0219i aptitudini de coordonare;<br \/>\u00b7\u00a0\u00a0\u00a0\u00a0\u00a0\u00a0\u00a0\u00a0 Bune abilit\u0103\u021bi de comunicare \u0219i rela\u021bionare, capacitate de organizare \u0219i planificare,<br \/>abilitate de a lucra \u00een echip\u0103, rezisten\u021b\u0103 la stres, responsabilitate, flexibilitate;<br \/>\u00b7\u00a0\u00a0\u00a0\u00a0\u00a0\u00a0\u00a0\u00a0 Experienta minim 1 an in punerea in functiune a sistemelor de securitate (DSC, PARADOX, CERBER, TELETECH, SIEMENS, BOSCH);<br \/>\u00b7\u00a0\u00a0\u00a0\u00a0\u00a0\u00a0\u00a0\u00a0 Punctualitate, spirit de echipa \u2013 Autodidact;<br \/>\u00b7\u00a0\u00a0\u00a0\u00a0\u00a0\u00a0\u00a0\u00a0 Apt pentru lucrul la \u00een\u0103l\u021bime;<br \/>Trimite-ne CV-ul tau aici si nu uita sa mentionezi in el ce experiente ai mai avut in acest domeniu.<br \/>Sau, daca nu te regasesti in cerintele de mai sus, poti sa dai un share pentru a ajuta un prieten \/ cunoscut din lista ta. Multumim frumos!<\/p>\t\t\t\t\t\t\t\t<\/div>\n\t\t\t\t<div class=\"elementor-element elementor-element-0c85203 elementor-widget elementor-widget-porto_button\" data-id=\"0c85203\" data-element_type=\"widget\" data-settings=\"{&quot;align&quot;:&quot;center&quot;}\" data-widget_type=\"porto_button.default\">\n\t\t\t\t\t<a aria-label=\"button\" class=\"btn btn-xl btn-primary\" href=\"https:\/\/altanet.wattmedia.ro\/en\/aplica-cv\/\"><span >APLICA ACUM!<\/span><\/a>\t\t\t\t<\/div>\n\t\t\t\t\t<\/div>\n\t\t\t\t<\/div>\n\t\t\t\t<\/div>\n\t\t\t\t\t<\/details>\n\t\t\t\t\t\t<details id=\"e-n-accordion-item-1411\" class=\"e-n-accordion-item\" >\n\t\t\t\t<summary class=\"e-n-accordion-item-title\" data-accordion-index=\"2\" tabindex=\"-1\" aria-expanded=\"false\" aria-controls=\"e-n-accordion-item-1411\" >\n\t\t\t\t\t<span class='e-n-accordion-item-title-header'><div class=\"e-n-accordion-item-title-text\"> Administrator Retea \/ Windows \/ Linux \/ Unix \/ Servere <\/div><\/span>\n\t\t\t\t\t\t\t<span class='e-n-accordion-item-title-icon'>\n\t\t\t<span class='e-opened' ><svg aria-hidden=\"true\" class=\"e-font-icon-svg e-fas-minus\" viewbox=\"0 0 448 512\" xmlns=\"http:\/\/www.w3.org\/2000\/svg\"><path d=\"M416 208H32c-17.67 0-32 14.33-32 32v32c0 17.67 14.33 32 32 32h384c17.67 0 32-14.33 32-32v-32c0-17.67-14.33-32-32-32z\"><\/path><\/svg><\/span>\n\t\t\t<span class='e-closed'><svg aria-hidden=\"true\" class=\"e-font-icon-svg e-fas-plus\" viewbox=\"0 0 448 512\" xmlns=\"http:\/\/www.w3.org\/2000\/svg\"><path d=\"M416 208H272V64c0-17.67-14.33-32-32-32h-32c-17.67 0-32 14.33-32 32v144H32c-17.67 0-32 14.33-32 32v32c0 17.67 14.33 32 32 32h144v144c0 17.67 14.33 32 32 32h32c17.67 0 32-14.33 32-32V304h144c17.67 0 32-14.33 32-32v-32c0-17.67-14.33-32-32-32z\"><\/path><\/svg><\/span>\n\t\t<\/span>\n\n\t\t\t\t\t\t<\/summary>\n\t\t\t\t<div role=\"region\" aria-labelledby=\"e-n-accordion-item-1411\" class=\"elementor-element elementor-element-fbe7d2f e-con-full e-flex e-con e-child\" data-id=\"fbe7d2f\" data-element_type=\"container\">\r\n\t\t<div role=\"region\" aria-labelledby=\"e-n-accordion-item-1411\" class=\"elementor-element elementor-element-27d4e6c e-flex e-con-boxed e-con e-child\" data-id=\"27d4e6c\" data-element_type=\"container\">\r\n\t\t\t\t\t<div class=\"e-con-inner\">\r\n\t\t\t\t<div class=\"elementor-element elementor-element-c179dfc elementor-widget elementor-widget-text-editor\" data-id=\"c179dfc\" data-element_type=\"widget\" data-widget_type=\"text-editor.default\">\n\t\t\t\t\t\t\t\t\t<h3>Administrator Retea \/ Windows \/ Linux \/ Unix \/ Servere<\/h3><p>Servere<br \/>Descriere<br \/>Echipa IT cautam coleg pe zona de administrare retea cu urmatoarele cunostinte :<\/p><ul><li>Servicii de re\u0163ea (DNS, email, Active Directory, SMB, WWW, DHCP, NTP, FTP, SSH, etc)<\/li><li>Cunostinte de instalare, configurare si operare in medii Linux si Windows de tip server si client.<\/li><li>Cunostinte in solutii de virtualizare oferite de VMWare (vCenter, ESX, Workstation, Player)<\/li><li>Cunostinte generale de securizare a sistemelor de operare Unix\/Linux si Microsoft<\/li><li>Cunostinte generale sisteme antivirus in arhitectur\u0103 client-server si firewall<br \/>Cunostinte principii de backup, tipuri de backup, nivele RAID.<\/li><li>Dorinta de dezvoltare profesionala (invatarea tehnologiilor noi aparute pentru implementarea lor in cadrul Companiei )<\/li><li>Limba engleza-nivel avansat<\/li><li>Permis de conducere cat B<\/li><\/ul><p>Responsabilitati :<\/p><ul><li>Propunere si implementare sistem de backup automat pentru date critice<\/li><li>Verificarea zilnica a logurilor si statusului backup.<\/li><li>Urmarirea alertelor generate de sistemul de monitorizare si remedierea problemelor aparute<\/li><li>Intretine serverele, calculatoarele, laptopurile, imprimantele si intreaga retea de mailuri, de internet, etc. pentru asigurarea functionarii corespunzatoare si in conditii de siguranta si confidentialitate a acestora.<\/li><li>Asigura buna functionare a programelor software ale companiei, in sensul remedierii oricaror defectiuni aparute.<\/li><li>Urmareste existenta licentelor necesare si reinnoirea acestora.<\/li><li>Stabileste necesarul de schimbat (de reinnoit) pentru servere, desktopuri, laptopuri, monitoare, imprimante, etc, astfel incat sa reduca la minim defectiuni care pot afecta desfasurarea activitatii firmei.<\/li><li>Respecta si asigura confidentialitatea datelor.<\/li><\/ul><p>Trimite-ne CV-ul tau aici si nu uita sa mentionezi in el ce experiente ai mai avut in acest domeniu.<br \/>\u00a0 Sau, daca nu te regasesti in cerintele de mai sus, poti sa dai un share pentru a ajuta un prieten \/ cunoscut din lista ta. Multumim frumos!<\/p>\t\t\t\t\t\t\t\t<\/div>\n\t\t\t\t<div class=\"elementor-element elementor-element-10e5fd9 elementor-widget elementor-widget-porto_button\" data-id=\"10e5fd9\" data-element_type=\"widget\" data-settings=\"{&quot;align&quot;:&quot;center&quot;}\" data-widget_type=\"porto_button.default\">\n\t\t\t\t\t<a aria-label=\"button\" class=\"btn btn-xl btn-primary\" href=\"https:\/\/altanet.wattmedia.ro\/en\/aplica-cv\/\"><span >APLICA ACUM!<\/span><\/a>\t\t\t\t<\/div>\n\t\t\t\t\t<\/div>\n\t\t\t\t<\/div>\n\t\t\t\t<\/div>\n\t\t\t\t\t<\/details>\n\t\t\t\t\t\t<details id=\"e-n-accordion-item-1412\" class=\"e-n-accordion-item\" >\n\t\t\t\t<summary class=\"e-n-accordion-item-title\" data-accordion-index=\"3\" tabindex=\"-1\" aria-expanded=\"false\" aria-controls=\"e-n-accordion-item-1412\" >\n\t\t\t\t\t<span class='e-n-accordion-item-title-header'><div class=\"e-n-accordion-item-title-text\"> Tehnician IT\/ Electronist cu experienta <\/div><\/span>\n\t\t\t\t\t\t\t<span class='e-n-accordion-item-title-icon'>\n\t\t\t<span class='e-opened' ><svg aria-hidden=\"true\" class=\"e-font-icon-svg e-fas-minus\" viewbox=\"0 0 448 512\" xmlns=\"http:\/\/www.w3.org\/2000\/svg\"><path d=\"M416 208H32c-17.67 0-32 14.33-32 32v32c0 17.67 14.33 32 32 32h384c17.67 0 32-14.33 32-32v-32c0-17.67-14.33-32-32-32z\"><\/path><\/svg><\/span>\n\t\t\t<span class='e-closed'><svg aria-hidden=\"true\" class=\"e-font-icon-svg e-fas-plus\" viewbox=\"0 0 448 512\" xmlns=\"http:\/\/www.w3.org\/2000\/svg\"><path d=\"M416 208H272V64c0-17.67-14.33-32-32-32h-32c-17.67 0-32 14.33-32 32v144H32c-17.67 0-32 14.33-32 32v32c0 17.67 14.33 32 32 32h144v144c0 17.67 14.33 32 32 32h32c17.67 0 32-14.33 32-32V304h144c17.67 0 32-14.33 32-32v-32c0-17.67-14.33-32-32-32z\"><\/path><\/svg><\/span>\n\t\t<\/span>\n\n\t\t\t\t\t\t<\/summary>\n\t\t\t\t<div role=\"region\" aria-labelledby=\"e-n-accordion-item-1412\" class=\"elementor-element elementor-element-f5d1ea1 e-con-full e-flex e-con e-child\" data-id=\"f5d1ea1\" data-element_type=\"container\">\r\n\t\t<div role=\"region\" aria-labelledby=\"e-n-accordion-item-1412\" class=\"elementor-element elementor-element-9efddf3 e-flex e-con-boxed e-con e-child\" data-id=\"9efddf3\" data-element_type=\"container\">\r\n\t\t\t\t\t<div class=\"e-con-inner\">\r\n\t\t\t\t<div class=\"elementor-element elementor-element-47c32c1 elementor-widget elementor-widget-text-editor\" data-id=\"47c32c1\" data-element_type=\"widget\" data-widget_type=\"text-editor.default\">\n\t\t\t\t\t\t\t\t\t<h3>Tehnician IT\/ Electronist cu experienta<\/h3><p>Vrei sa faci parte din echipa noastra ?<br \/>Suntem Magazin \/ Service de calculatoare si cautam un coleg pe partea de service IT&amp;C .<br \/>Mai jos gasesti detaliat ce face un Tehnician IT la noi :<br \/>Candidatul ideal trebuie sa fie pasionat de:<br \/>\u2022\u00a0\u00a0\u00a0\u00a0\u00a0\u00a0\u00a0electronic\u0103<br \/>\u2022\u00a0\u00a0\u00a0\u00a0\u00a0\u00a0\u00a0montaje<br \/>\u2022\u00a0\u00a0\u00a0\u00a0\u00a0\u00a0\u00a0repara\u021bii\u00a0IT<br \/>\u2022\u00a0\u00a0\u00a0\u00a0\u00a0\u00a0\u00a0reparatii Imprimante<br \/>\u2022\u00a0\u00a0\u00a0\u00a0\u00a0\u00a0\u00a0retele calculatoare<br \/>Cerinte :<br \/>\u2022\u00a0\u00a0\u00a0\u00a0\u00a0\u00a0\u00a0Cunostinte service hardware si software calculatoare<br \/>\u2022\u00a0\u00a0\u00a0\u00a0\u00a0\u00a0\u00a0Service si asistenta tehnica pentru echipamente IT: calculatoare, servere, periferice, etc.<br \/>la sediul firmei si la cel al beneficiarilor<br \/>\u2022\u00a0\u00a0\u00a0\u00a0\u00a0\u00a0\u00a0Instalare si configurare echipamente IT(calculatoare, imprimante, servere, copiatoare)<br \/>\u2022\u00a0\u00a0\u00a0\u00a0\u00a0\u00a0\u00a0Instalare si configurare retele calculatoare si echipamente retele calculatoare (routere,<br \/>switch-uri, patch pannel, etc)<br \/>\u2022\u00a0\u00a0\u00a0\u00a0\u00a0\u00a0\u00a0Capacitate de a lucra independent<br \/>\u2022\u00a0\u00a0\u00a0\u00a0\u00a0\u00a0\u00a0Capacitate de concentrare \u015fi aten\u0163ie la detalii<br \/>\u2022\u00a0\u00a0\u00a0\u00a0\u00a0\u00a0\u00a0Bune abilit\u0103\u0163i de comunicare<br \/>\u2022\u00a0\u00a0\u00a0\u00a0\u00a0\u00a0\u00a0Cuno\u015ftin\u0163e de limba englez\u0103<br \/>\u2022\u00a0\u00a0\u00a0\u00a0\u00a0\u00a0De preferat, cunostinte despre intretinere retea hardware si software (servere, calculatoare, echipamente aferente retelei).<br \/>\u2022\u00a0\u00a0\u00a0\u00a0\u00a0\u00a0\u00a0Cuno\u0219tin\u021be despre sistemele de operare (Microsoft Windows Server, XP, Linux, virtualizare, securitate).<br \/>\u2022\u00a0\u00a0\u00a0\u00a0\u00a0\u00a0\u00a0Cunostinte avansate de instalare, configurare si troubleshooting sisteme de operare Windows<br \/>\u2022\u00a0\u00a0\u00a0\u00a0\u00a0\u00a0\u00a0Cunostinte Hardware pentru computere si imprimante<br \/>\u2022\u00a0\u00a0\u00a0\u00a0\u00a0\u00a0\u00a0Responsabil, dinamic, orientat catre rezolvarea de probleme.<br \/>\u2022\u00a0\u00a0\u00a0\u00a0\u00a0\u00a0\u00a0Permis de conducere categoria B<br \/>\u2022\u00a0\u00a0\u00a0\u00a0\u00a0\u00a0\u00a0Dorinta de dezvoltare profesionala (invatarea tehnologiilor noi aparute pentru implementarea lor in cadrul Companiei )<\/p><p>Confera un avantaj daca te regasesti in cerintele de mai sus, in acelasi timp oferim o sansa si celor care doresc sa invete impreuna cu echipa noastra.<br \/>Trimite-ne CV-ul tau aici si nu uita sa mentionezi in el ce experiente ai mai avut in acest domeniu.<br \/>Sau, daca nu te regasesti in cerintele de mai sus, poti sa dai un share pentru a ajuta un prieten \/ cunoscut din lista ta. Multumim frumos!<\/p>\t\t\t\t\t\t\t\t<\/div>\n\t\t\t\t<div class=\"elementor-element elementor-element-2a8b77f elementor-widget elementor-widget-porto_button\" data-id=\"2a8b77f\" data-element_type=\"widget\" data-settings=\"{&quot;align&quot;:&quot;center&quot;}\" data-widget_type=\"porto_button.default\">\n\t\t\t\t\t<a aria-label=\"button\" class=\"btn btn-xl btn-primary\" href=\"https:\/\/altanet.wattmedia.ro\/en\/aplica-cv\/\"><span >APLICA ACUM!<\/span><\/a>\t\t\t\t<\/div>\n\t\t\t\t\t<\/div>\n\t\t\t\t<\/div>\n\t\t\t\t<\/div>\n\t\t\t\t\t<\/details>\n\t\t\t\t\t<\/div>\n\t\t\t\t\t\t<\/div>\n\t\t\t\t\t<\/div>\n\t\t\t\t<\/div>\n\t\t\t\t<\/div>","protected":false},"excerpt":{"rendered":"<p>Vino sa-ti dezvolti pasiunea pentru tehnologie intr-un mediu inovator si captivant! La\u00a0ALTANET, cautam mereu mintea creativ\u0103 si pasionata de IT care sa se alature echipei noastre. Daca esti un pasionat de tehnologie si esti mereu in cautarea unor provocari ce tin de dezvoltarea software, infrastructura IT sau Sisteme de securitate, atunci ai ajuns in locul [&hellip;]<\/p>","protected":false},"author":1,"featured_media":0,"parent":0,"menu_order":0,"comment_status":"closed","ping_status":"closed","template":"","meta":{"footnotes":""},"class_list":["post-847","page","type-page","status-publish","hentry"],"_links":{"self":[{"href":"https:\/\/altanet.wattmedia.ro\/en\/wp-json\/wp\/v2\/pages\/847","targetHints":{"allow":["GET"]}}],"collection":[{"href":"https:\/\/altanet.wattmedia.ro\/en\/wp-json\/wp\/v2\/pages"}],"about":[{"href":"https:\/\/altanet.wattmedia.ro\/en\/wp-json\/wp\/v2\/types\/page"}],"author":[{"embeddable":true,"href":"https:\/\/altanet.wattmedia.ro\/en\/wp-json\/wp\/v2\/users\/1"}],"replies":[{"embeddable":true,"href":"https:\/\/altanet.wattmedia.ro\/en\/wp-json\/wp\/v2\/comments?post=847"}],"version-history":[{"count":4,"href":"https:\/\/altanet.wattmedia.ro\/en\/wp-json\/wp\/v2\/pages\/847\/revisions"}],"predecessor-version":[{"id":883,"href":"https:\/\/altanet.wattmedia.ro\/en\/wp-json\/wp\/v2\/pages\/847\/revisions\/883"}],"wp:attachment":[{"href":"https:\/\/altanet.wattmedia.ro\/en\/wp-json\/wp\/v2\/media?parent=847"}],"curies":[{"name":"wp","href":"https:\/\/api.w.org\/{rel}","templated":true}]}}